{"id":183,"date":"2024-10-08T12:04:16","date_gmt":"2024-10-08T11:04:16","guid":{"rendered":"https:\/\/project.revolware.com\/subojvynalezcov\/?page_id=183"},"modified":"2024-10-08T12:06:48","modified_gmt":"2024-10-08T11:06:48","slug":"suboj-vynalezcov-faq-vseobecne","status":"publish","type":"page","link":"https:\/\/project.revolware.com\/subojvynalezcov\/suboj-vynalezcov-faq-vseobecne\/","title":{"rendered":"FAQ (V\u0161eobecn\u00e9)"},"content":{"rendered":"\n<h5 class=\"wp-block-heading\">1. Pre koho je hra ur\u010den\u00e1?<\/h5>\n\n\n\n<p>V hre S\u00faboj Vyn\u00e1lezcov hravou formou str\u00e1vite \u010das s vyn\u00e1lezmi, ktor\u00e9 ste v\u017edy chceli spozna\u0165! Je ur\u010den\u00e1 pre v\u0161etk\u00fdch dobrodruhov, vyn\u00e1lezcov a milovn\u00edkov z\u00e1bavy, ktor\u00ed sa radi ponoria do fascinuj\u00faceho sveta hist\u00f3rie vyn\u00e1lezcov a ich geni\u00e1lnych objavov. Ide\u00e1lna je pre hr\u00e1\u010dov vo veku od 10 do 199 rokov.<\/p>\n\n\n\n<h5 class=\"wp-block-heading\">2. M\u00f4\u017ee hra\u0165 hru viac ako \u0161tyria hr\u00e1\u010di?<\/h5>\n\n\n\n<p>\u00c1no, hru m\u00f4\u017eu v aktu\u00e1lnej podobe hra\u0165 aj piati alebo \u0161iesti hr\u00e1\u010di.<\/p>\n\n\n\n<h5 class=\"wp-block-heading\">3. Zvl\u00e1dnu hru hra\u0165 aj deti mlad\u0161ie ako 10 rokov?<\/h5>\n\n\n\n<p>Je mo\u017en\u00e9, \u017ee \u0161ikovnej\u0161ie deti pod 10 rokov zvl\u00e1dnu hru hra\u0165, av\u0161ak neb\u00fdva to pravidlo.<\/p>\n\n\n\n<h5 class=\"wp-block-heading\">4. Zvl\u00e1dne slovensk\u00fa verziu hry hra\u0165 aj hr\u00e1\u010d, ktor\u00fd nehovor\u00ed po slovensky?<\/h5>\n\n\n\n<p>Hru sme u\u017e testovali aj v skupin\u00e1ch, kde niektor\u00ed hr\u00e1\u010di nehovorili slovensky, av\u0161ak bolo n\u00e1ro\u010dnej\u0161ie vysvetli\u0165 im hern\u00fd princ\u00edp, \u010di prelo\u017ei\u0165 vzdel\u00e1vac\u00ed obsah na kart\u00e1ch.<\/p>\n\n\n\n<h5 class=\"wp-block-heading\">5. \u010co nov\u00e9 sa v\u010faka hre nau\u010d\u00edme?<\/h5>\n\n\n\n<p>V\u010faka na\u0161ej hre S\u00faboj Vyn\u00e1lezcov sa nau\u010d\u00edte strategick\u00e9mu pl\u00e1novaniu a interakcii s ostatn\u00fdmi. Sk\u00faman\u00edm konkr\u00e9tnych vyn\u00e1lezov ako Edisonovej \u017eiarovky alebo Teslovej induk\u010dnej cievky.<\/p>\n\n\n\n<h5 class=\"wp-block-heading\">6. Ako dlho trv\u00e1 priemern\u00e1 hra S\u00faboj Vyn\u00e1lezcov?<\/h5>\n\n\n\n<p>Priemern\u00e1 hra trv\u00e1 pribli\u017ene 30 a\u017e 60 min\u00fat, pri\u010dom d\u013a\u017eka m\u00f4\u017ee z\u00e1visie\u0165 od po\u010dtu hr\u00e1\u010dov a ich sk\u00fasenost\u00ed s hrou.<\/p>\n\n\n\n<h5 class=\"wp-block-heading\">7. Ako je zabezpe\u010den\u00e1 r\u00f4znorodos\u0165 a dlhodob\u00e1 z\u00e1bava hry S\u00faboj Vyn\u00e1lezcov?<\/h5>\n\n\n\n<p>Z\u00e1bava a r\u00f4znorodos\u0165 Na\u0161ej hry s\u00fa zabezpe\u010den\u00e9 r\u00f4znymi sp\u00f4sobmi. Prv\u00fdm je variabilita vyn\u00e1lezov, ktor\u00e9 hr\u00e1\u010di m\u00f4\u017eu sk\u00fama\u0165, \u010do zabezpe\u010duje, \u017ee ka\u017ed\u00e1 hra je in\u00e1. \u010eal\u0161\u00edm je strat\u00e9gia a interakcia medzi hr\u00e1\u010dmi, ktor\u00e1 sa men\u00ed v z\u00e1vislosti od ich rozhodnut\u00ed a takt\u00edk. Taktie\u017e pr\u00edtomnos\u0165 r\u00f4znych post\u00e1v vyn\u00e1lezcov s individu\u00e1lnymi schopnos\u0165ami prispieva k variabilite a znovuhrate\u013enosti hry.<\/p>\n\n\n\n<h5 class=\"wp-block-heading\">8. Ktor\u00e9 postavy alebo udalosti s\u00fa s\u00fa\u010das\u0165ou hry S\u00faboj Vyn\u00e1lezcov?<\/h5>\n\n\n\n<p>V aktu\u00e1lnej verzii Na\u0161ej hry s\u00fa zahrnut\u00e9 v\u00fdznamn\u00e9 postavy ako Thomas Alva Edison, Nikola Tesla, Leonardo da Vinci, Marie Curie Sklodowska, Johannes Gutenberg a Benjamin Franklin. Tieto historick\u00e9 osobnosti a ich pr\u00ednosy k vede a technol\u00f3gii s\u00fa d\u00f4le\u017eitou s\u00fa\u010das\u0165ou tematickej atmosf\u00e9ry hry. Okrem u\u017e obsiahnut\u00fdch post\u00e1v, m\u00f4\u017eeme vytvori\u0165 vlastn\u00fa ed\u00edciu hry pod\u013ea va\u0161ich predst\u00e1v. Sta\u010d\u00ed n\u00e1m poveda\u0165, koho by ste radi videli v hre, a my to zariadime!<\/p>\n","protected":false},"excerpt":{"rendered":"<p>1. Pre koho je hra ur\u010den\u00e1? V hre S\u00faboj Vyn\u00e1lezcov hravou formou str\u00e1vite \u010das s vyn\u00e1lezmi, ktor\u00e9 ste v\u017edy chceli spozna\u0165! Je ur\u010den\u00e1 pre v\u0161etk\u00fdch dobrodruhov, vyn\u00e1lezcov a milovn\u00edkov z\u00e1bavy, ktor\u00ed sa radi ponoria do fascinuj\u00faceho sveta hist\u00f3rie vyn\u00e1lezcov a ich geni\u00e1lnych objavov. Ide\u00e1lna je pre hr\u00e1\u010dov vo veku od 10 do 199 rokov. 2. [&hellip;]<\/p>\n","protected":false},"author":8,"featured_media":0,"parent":0,"menu_order":0,"comment_status":"closed","ping_status":"closed","template":"","meta":{"footnotes":""},"class_list":["post-183","page","type-page","status-publish","hentry"],"_links":{"self":[{"href":"https:\/\/project.revolware.com\/subojvynalezcov\/wp-json\/wp\/v2\/pages\/183","targetHints":{"allow":["GET"]}}],"collection":[{"href":"https:\/\/project.revolware.com\/subojvynalezcov\/wp-json\/wp\/v2\/pages"}],"about":[{"href":"https:\/\/project.revolware.com\/subojvynalezcov\/wp-json\/wp\/v2\/types\/page"}],"author":[{"embeddable":true,"href":"https:\/\/project.revolware.com\/subojvynalezcov\/wp-json\/wp\/v2\/users\/8"}],"replies":[{"embeddable":true,"href":"https:\/\/project.revolware.com\/subojvynalezcov\/wp-json\/wp\/v2\/comments?post=183"}],"version-history":[{"count":34,"href":"https:\/\/project.revolware.com\/subojvynalezcov\/wp-json\/wp\/v2\/pages\/183\/revisions"}],"predecessor-version":[{"id":226,"href":"https:\/\/project.revolware.com\/subojvynalezcov\/wp-json\/wp\/v2\/pages\/183\/revisions\/226"}],"wp:attachment":[{"href":"https:\/\/project.revolware.com\/subojvynalezcov\/wp-json\/wp\/v2\/media?parent=183"}],"curies":[{"name":"wp","href":"https:\/\/api.w.org\/{rel}","templated":true}]}}